{"id":1951,"date":"2015-05-02T10:09:35","date_gmt":"2015-05-02T08:09:35","guid":{"rendered":"https:\/\/slovchips.sk\/uvod\/"},"modified":"2020-04-03T13:16:08","modified_gmt":"2020-04-03T11:16:08","slug":"uvod","status":"publish","type":"page","link":"https:\/\/www.slovchips.sk\/hu\/","title":{"rendered":"bevezet\u00e9s"},"content":{"rendered":"<p class=\"single_page_text\">\n<h1><\/h1>\n","protected":false},"excerpt":{"rendered":"","protected":false},"author":1,"featured_media":0,"parent":0,"menu_order":0,"comment_status":"closed","ping_status":"closed","template":"template-frontpage.php","meta":{"footnotes":""},"yoast_head":"<!-- This site is optimized with the Yoast SEO plugin v24.5 - https:\/\/yoast.com\/wordpress\/plugins\/seo\/ -->\n<title>SlovChips - jedine\u010dn\u00e9 slovensk\u00e9 chipsy<\/title>\n<meta name=\"robots\" content=\"index, follow, max-snippet:-1, max-image-preview:large, max-video-preview:-1\" \/>\n<link rel=\"canonical\" href=\"https:\/\/slovchips.sk\/hu\/\" \/>\n<meta property=\"og:locale\" content=\"hu_HU\" \/>\n<meta property=\"og:type\" content=\"article\" \/>\n<meta property=\"og:title\" content=\"SlovChips - jedine\u010dn\u00e9 slovensk\u00e9 chipsy\" \/>\n<meta property=\"og:url\" content=\"https:\/\/slovchips.sk\/hu\/\" \/>\n<meta property=\"og:site_name\" content=\"SlovChips\" \/>\n<meta property=\"article:publisher\" content=\"https:\/\/www.facebook.com\/slovenskechipsy\" \/>\n<meta property=\"article:modified_time\" content=\"2020-04-03T11:16:08+00:00\" \/>\n<script type=\"application\/ld+json\" class=\"yoast-schema-graph\">{\"@context\":\"https:\/\/schema.org\",\"@graph\":[{\"@type\":\"WebPage\",\"@id\":\"https:\/\/slovchips.sk\/hu\/\",\"url\":\"https:\/\/slovchips.sk\/hu\/\",\"name\":\"SlovChips - jedine\u010dn\u00e9 slovensk\u00e9 chipsy\",\"isPartOf\":{\"@id\":\"https:\/\/www.slovchips.sk\/en\/#website\"},\"datePublished\":\"2015-05-02T08:09:35+00:00\",\"dateModified\":\"2020-04-03T11:16:08+00:00\",\"breadcrumb\":{\"@id\":\"https:\/\/slovchips.sk\/hu\/#breadcrumb\"},\"inLanguage\":\"hu\",\"potentialAction\":[{\"@type\":\"ReadAction\",\"target\":[\"https:\/\/slovchips.sk\/hu\/\"]}]},{\"@type\":\"BreadcrumbList\",\"@id\":\"https:\/\/slovchips.sk\/hu\/#breadcrumb\",\"itemListElement\":[{\"@type\":\"ListItem\",\"position\":1,\"name\":\"Dom\u00e1ca str\u00e1nka\",\"item\":\"https:\/\/slovchips.sk\/hu\/\"},{\"@type\":\"ListItem\",\"position\":2,\"name\":\"bevezet\u00e9s\"}]},{\"@type\":\"WebSite\",\"@id\":\"https:\/\/www.slovchips.sk\/en\/#website\",\"url\":\"https:\/\/www.slovchips.sk\/en\/\",\"name\":\"SlovChips\",\"description\":\"Jedine\u010dn\u00e9 slovensk\u00e9 chipsy\",\"potentialAction\":[{\"@type\":\"SearchAction\",\"target\":{\"@type\":\"EntryPoint\",\"urlTemplate\":\"https:\/\/www.slovchips.sk\/en\/?s={search_term_string}\"},\"query-input\":{\"@type\":\"PropertyValueSpecification\",\"valueRequired\":true,\"valueName\":\"search_term_string\"}}],\"inLanguage\":\"hu\"}]}<\/script>\n<!-- \/ Yoast SEO plugin. -->","yoast_head_json":{"title":"SlovChips - jedine\u010dn\u00e9 slovensk\u00e9 chipsy","robots":{"index":"index","follow":"follow","max-snippet":"max-snippet:-1","max-image-preview":"max-image-preview:large","max-video-preview":"max-video-preview:-1"},"canonical":"https:\/\/slovchips.sk\/hu\/","og_locale":"hu_HU","og_type":"article","og_title":"SlovChips - jedine\u010dn\u00e9 slovensk\u00e9 chipsy","og_url":"https:\/\/slovchips.sk\/hu\/","og_site_name":"SlovChips","article_publisher":"https:\/\/www.facebook.com\/slovenskechipsy","article_modified_time":"2020-04-03T11:16:08+00:00","schema":{"@context":"https:\/\/schema.org","@graph":[{"@type":"WebPage","@id":"https:\/\/slovchips.sk\/hu\/","url":"https:\/\/slovchips.sk\/hu\/","name":"SlovChips - jedine\u010dn\u00e9 slovensk\u00e9 chipsy","isPartOf":{"@id":"https:\/\/www.slovchips.sk\/en\/#website"},"datePublished":"2015-05-02T08:09:35+00:00","dateModified":"2020-04-03T11:16:08+00:00","breadcrumb":{"@id":"https:\/\/slovchips.sk\/hu\/#breadcrumb"},"inLanguage":"hu","potentialAction":[{"@type":"ReadAction","target":["https:\/\/slovchips.sk\/hu\/"]}]},{"@type":"BreadcrumbList","@id":"https:\/\/slovchips.sk\/hu\/#breadcrumb","itemListElement":[{"@type":"ListItem","position":1,"name":"Dom\u00e1ca str\u00e1nka","item":"https:\/\/slovchips.sk\/hu\/"},{"@type":"ListItem","position":2,"name":"bevezet\u00e9s"}]},{"@type":"WebSite","@id":"https:\/\/www.slovchips.sk\/en\/#website","url":"https:\/\/www.slovchips.sk\/en\/","name":"SlovChips","description":"Jedine\u010dn\u00e9 slovensk\u00e9 chipsy","potentialAction":[{"@type":"SearchAction","target":{"@type":"EntryPoint","urlTemplate":"https:\/\/www.slovchips.sk\/en\/?s={search_term_string}"},"query-input":{"@type":"PropertyValueSpecification","valueRequired":true,"valueName":"search_term_string"}}],"inLanguage":"hu"}]}},"_links":{"self":[{"href":"https:\/\/www.slovchips.sk\/hu\/wp-json\/wp\/v2\/pages\/1951"}],"collection":[{"href":"https:\/\/www.slovchips.sk\/hu\/wp-json\/wp\/v2\/pages"}],"about":[{"href":"https:\/\/www.slovchips.sk\/hu\/wp-json\/wp\/v2\/types\/page"}],"author":[{"embeddable":true,"href":"https:\/\/www.slovchips.sk\/hu\/wp-json\/wp\/v2\/users\/1"}],"replies":[{"embeddable":true,"href":"https:\/\/www.slovchips.sk\/hu\/wp-json\/wp\/v2\/comments?post=1951"}],"version-history":[{"count":1,"href":"https:\/\/www.slovchips.sk\/hu\/wp-json\/wp\/v2\/pages\/1951\/revisions"}],"predecessor-version":[{"id":1952,"href":"https:\/\/www.slovchips.sk\/hu\/wp-json\/wp\/v2\/pages\/1951\/revisions\/1952"}],"wp:attachment":[{"href":"https:\/\/www.slovchips.sk\/hu\/wp-json\/wp\/v2\/media?parent=1951"}],"curies":[{"name":"wp","href":"https:\/\/api.w.org\/{rel}","templated":true}]}}