{"id":2334,"date":"2015-05-28T12:58:08","date_gmt":"2015-05-28T10:58:08","guid":{"rendered":"https:\/\/slovchips.sk\/home\/"},"modified":"2022-01-03T14:10:37","modified_gmt":"2022-01-03T12:10:37","slug":"home","status":"publish","type":"page","link":"https:\/\/www.slovchips.sk\/de\/","title":{"rendered":"Einleitung"},"content":{"rendered":"","protected":false},"excerpt":{"rendered":"","protected":false},"author":1,"featured_media":0,"parent":0,"menu_order":0,"comment_status":"closed","ping_status":"closed","template":"template-frontpage.php","meta":{"footnotes":""},"yoast_head":"<!-- This site is optimized with the Yoast SEO plugin v24.5 - https:\/\/yoast.com\/wordpress\/plugins\/seo\/ -->\n<title>SlovChips - Einleitung<\/title>\n<meta name=\"robots\" content=\"index, follow, max-snippet:-1, max-image-preview:large, max-video-preview:-1\" \/>\n<link rel=\"canonical\" href=\"https:\/\/www.slovchips.sk\/de\/\" \/>\n<meta property=\"og:locale\" content=\"de_DE\" \/>\n<meta property=\"og:type\" content=\"article\" \/>\n<meta property=\"og:title\" content=\"SlovChips - Einleitung\" \/>\n<meta property=\"og:url\" content=\"https:\/\/www.slovchips.sk\/de\/\" \/>\n<meta property=\"og:site_name\" content=\"SlovChips\" \/>\n<meta property=\"article:publisher\" content=\"https:\/\/www.facebook.com\/slovenskechipsy\" \/>\n<meta property=\"article:modified_time\" content=\"2022-01-03T12:10:37+00:00\" \/>\n<script type=\"application\/ld+json\" class=\"yoast-schema-graph\">{\"@context\":\"https:\/\/schema.org\",\"@graph\":[{\"@type\":\"WebPage\",\"@id\":\"https:\/\/www.slovchips.sk\/de\/\",\"url\":\"https:\/\/www.slovchips.sk\/de\/\",\"name\":\"SlovChips - Einleitung\",\"isPartOf\":{\"@id\":\"https:\/\/slovchips.sk\/#website\"},\"datePublished\":\"2015-05-28T10:58:08+00:00\",\"dateModified\":\"2022-01-03T12:10:37+00:00\",\"breadcrumb\":{\"@id\":\"https:\/\/www.slovchips.sk\/de\/#breadcrumb\"},\"inLanguage\":\"de-DE\",\"potentialAction\":[{\"@type\":\"ReadAction\",\"target\":[\"https:\/\/www.slovchips.sk\/de\/\"]}]},{\"@type\":\"BreadcrumbList\",\"@id\":\"https:\/\/www.slovchips.sk\/de\/#breadcrumb\",\"itemListElement\":[{\"@type\":\"ListItem\",\"position\":1,\"name\":\"Dom\u00e1ca str\u00e1nka\",\"item\":\"https:\/\/www.slovchips.sk\/de\/\"},{\"@type\":\"ListItem\",\"position\":2,\"name\":\"Einleitung\"}]},{\"@type\":\"WebSite\",\"@id\":\"https:\/\/slovchips.sk\/#website\",\"url\":\"https:\/\/slovchips.sk\/\",\"name\":\"SlovChips\",\"description\":\"Jedine\u010dn\u00e9 slovensk\u00e9 chipsy\",\"potentialAction\":[{\"@type\":\"SearchAction\",\"target\":{\"@type\":\"EntryPoint\",\"urlTemplate\":\"https:\/\/slovchips.sk\/?s={search_term_string}\"},\"query-input\":{\"@type\":\"PropertyValueSpecification\",\"valueRequired\":true,\"valueName\":\"search_term_string\"}}],\"inLanguage\":\"de-DE\"}]}<\/script>\n<!-- \/ Yoast SEO plugin. -->","yoast_head_json":{"title":"SlovChips - Einleitung","robots":{"index":"index","follow":"follow","max-snippet":"max-snippet:-1","max-image-preview":"max-image-preview:large","max-video-preview":"max-video-preview:-1"},"canonical":"https:\/\/www.slovchips.sk\/de\/","og_locale":"de_DE","og_type":"article","og_title":"SlovChips - Einleitung","og_url":"https:\/\/www.slovchips.sk\/de\/","og_site_name":"SlovChips","article_publisher":"https:\/\/www.facebook.com\/slovenskechipsy","article_modified_time":"2022-01-03T12:10:37+00:00","schema":{"@context":"https:\/\/schema.org","@graph":[{"@type":"WebPage","@id":"https:\/\/www.slovchips.sk\/de\/","url":"https:\/\/www.slovchips.sk\/de\/","name":"SlovChips - Einleitung","isPartOf":{"@id":"https:\/\/slovchips.sk\/#website"},"datePublished":"2015-05-28T10:58:08+00:00","dateModified":"2022-01-03T12:10:37+00:00","breadcrumb":{"@id":"https:\/\/www.slovchips.sk\/de\/#breadcrumb"},"inLanguage":"de-DE","potentialAction":[{"@type":"ReadAction","target":["https:\/\/www.slovchips.sk\/de\/"]}]},{"@type":"BreadcrumbList","@id":"https:\/\/www.slovchips.sk\/de\/#breadcrumb","itemListElement":[{"@type":"ListItem","position":1,"name":"Dom\u00e1ca str\u00e1nka","item":"https:\/\/www.slovchips.sk\/de\/"},{"@type":"ListItem","position":2,"name":"Einleitung"}]},{"@type":"WebSite","@id":"https:\/\/slovchips.sk\/#website","url":"https:\/\/slovchips.sk\/","name":"SlovChips","description":"Jedine\u010dn\u00e9 slovensk\u00e9 chipsy","potentialAction":[{"@type":"SearchAction","target":{"@type":"EntryPoint","urlTemplate":"https:\/\/slovchips.sk\/?s={search_term_string}"},"query-input":{"@type":"PropertyValueSpecification","valueRequired":true,"valueName":"search_term_string"}}],"inLanguage":"de-DE"}]}},"_links":{"self":[{"href":"https:\/\/www.slovchips.sk\/de\/wp-json\/wp\/v2\/pages\/2334"}],"collection":[{"href":"https:\/\/www.slovchips.sk\/de\/wp-json\/wp\/v2\/pages"}],"about":[{"href":"https:\/\/www.slovchips.sk\/de\/wp-json\/wp\/v2\/types\/page"}],"author":[{"embeddable":true,"href":"https:\/\/www.slovchips.sk\/de\/wp-json\/wp\/v2\/users\/1"}],"replies":[{"embeddable":true,"href":"https:\/\/www.slovchips.sk\/de\/wp-json\/wp\/v2\/comments?post=2334"}],"version-history":[{"count":1,"href":"https:\/\/www.slovchips.sk\/de\/wp-json\/wp\/v2\/pages\/2334\/revisions"}],"predecessor-version":[{"id":2335,"href":"https:\/\/www.slovchips.sk\/de\/wp-json\/wp\/v2\/pages\/2334\/revisions\/2335"}],"wp:attachment":[{"href":"https:\/\/www.slovchips.sk\/de\/wp-json\/wp\/v2\/media?parent=2334"}],"curies":[{"name":"wp","href":"https:\/\/api.w.org\/{rel}","templated":true}]}}