{"id":2307,"date":"2015-05-02T10:45:46","date_gmt":"2015-05-02T08:45:46","guid":{"rendered":"https:\/\/slovchips.sk\/kontakt\/"},"modified":"2024-09-10T21:57:14","modified_gmt":"2024-09-10T19:57:14","slug":"kontakt","status":"publish","type":"page","link":"https:\/\/www.slovchips.sk\/de\/kontakt\/","title":{"rendered":"Kontakt"},"content":{"rendered":"<h1 class=\"nadpis-velky\">SlovChips s.r.o.<\/h1>\n<h2 class=\"kontakty\"><i class=\"fa fa-map-marker\"><\/i> Tatransk\u00e1 126, 05311 Smi\u017eany<\/h2>\n<h2 class=\"kontakty\"><i class=\"fa fa-phone\"><\/i> 0917 616 208<\/h2>\n<h2 class=\"kontakty\"><i class=\"fa fa-fax\"><\/i> 053\/4299635<\/h2>\n<p><div class=\"cisc-row\"><br \/><div  class=\" cisc-col-md-4 cisc-col-sm-6 cisc-col-xs-12\"><\/p>\n<h2 class=\"kontakt-nadpis\">V\u00fdrobn\u00fd riadite\u013e<\/h2>\n<ul class=\"kontakt-list\">\n<li class=\"meno\">Handlovi\u010d Ivan<\/li>\n<li>0918 909 363<\/li>\n<li><a href=\"mailto:handlovic@slovchips.sk\">handlovic@slovchips.sk<\/a><\/li>\n<\/ul>\n<p><\/div><div  class=\" cisc-col-md-4 cisc-col-sm-6 cisc-col-xs-12\"><\/p>\n<h2 class=\"kontakt-nadpis\">Obchodn\u00fd riadite\u013e<\/h2>\n<ul class=\"kontakt-list\">\n<li class=\"meno\">Benko Pavol<\/li>\n<li>0917 636 032<\/li>\n<li><a href=\"mailto:obchod@slovchips.sk\">obchod@slovchips.sk<\/a><\/li>\n<\/ul>\n<p><\/div><\/p>\n<p><\/div><div class=\"cisc-row\"><\/p>\n<div  class=\" cisc-col-md-4 cisc-col-sm-6 cisc-col-xs-12\"><\/p>\n<h2 class=\"kontakt-nadpis\">Ekonomick\u00fd \u00fasek<\/h2>\n<ul class=\"kontakt-list\">\n<li class=\"meno\">Ing. Ra\u010dkov\u00e1 Alica<\/li>\n<li><a href=\"mailto:slovchips@slovchips.sk\">slovchips@slovchips.sk<\/a><\/li>\n<\/ul>\n<ul class=\"kontakt-list\">\n<li>Ing. Stanislava Zudorov\u00e1 Sta\u0148ov\u00e1<\/li>\n<\/ul>\n<ul class=\"kontakt-list\">\n<li><a href=\"mailto:fakturacia@slovchips.sk\">fakturacia@slovchips.sk<\/a><\/li>\n<\/ul>\n<p><\/div>\n<div  class=\" cisc-col-md-4 cisc-col-sm-6 cisc-col-xs-12\"><\/p>\n<h2 class=\"kontakt-nadpis\">Objedn\u00e1vky a logistika<\/h2>\n<ul class=\"kontakt-list\">\n<li class=\"meno\">Jaroslava Bod\u00f3v\u00e1<\/li>\n<li>0905 946 584<\/li>\n<li>objednavky@slovchips.sk<\/li>\n<li><a href=\"mailto:cvengrosova@slovchips.sk\">logistika@slovchips.sk<\/a><\/li>\n<\/ul>\n<p><\/div>\n<div  class=\" cisc-col-md-4 cisc-col-sm-6 cisc-col-xs-12\">\n<h2 class=\"kontakt-nadpis\">Office mana\u017e\u00e9r<\/h2>\n<ul class=\"kontakt-list\">\n<li class=\"meno\">Mgr. Simona D\u017ea\u010dovsk\u00e1<\/li>\n<li><a href=\"mailto:office@slovchips.sk\">office@slovchips.sk<\/a><\/li>\n<li>0915 959 136<\/li>\n<\/ul>\n<p><\/div><\/div><\/p>\n<div class=\"cisc-row\">\n<div  class=\" cisc-col-md-4 cisc-col-sm-6 cisc-col-xs-12\">\n<h2 class=\"kontakt-nadpis\">Riadite\u013e predaja<\/h2>\n<h4 class=\"vychodne_slovensko \">regi\u00f3n v\u00fdchodn\u00e9 slovensko<\/h4>\n<ul class=\"kontakt-list\">\n<li class=\"meno\">Ing. Tom\u00e1\u0161 Szapola<\/li>\n<li>0905 309 719<\/li>\n<li><a href=\"mailto:szapola@slovchips.sk\" rel=\"noreferrer\">szapola@slovchips.sk<\/a><\/li>\n<\/ul>\n<p><\/div><div  class=\" cisc-col-md-4 cisc-col-sm-6 cisc-col-xs-12\"><\/p>\n<h2 class=\"kontakt-nadpis\">Riadite\u013e predaja<\/h2>\n<h4 class=\"vychodne_slovensko \">regi\u00f3n stredn\u00e9 slovensko<\/h4>\n<ul class=\"kontakt-list\">\n<li class=\"meno\">\u013dubica Kri\u0161\u00e1kov\u00e1<\/li>\n<li>0917 637 024<\/li>\n<li><a href=\"mailto:krisakova@slovchips.sk\">krisakova@slovchips.sk<\/a><\/li>\n<\/ul>\n<p><\/div><div  class=\" cisc-col-md-4 cisc-col-sm-6 cisc-col-xs-12\"><\/p>\n<h2 class=\"kontakt-nadpis\">Riadite\u013e predaja<\/h2>\n<h4 class=\"zapadne_slovensko \">regi\u00f3n z\u00e1padn\u00e9 slovensko<\/h4>\n<ul class=\"kontakt-list\">\n<li class=\"meno\">Martin Pole\u0161ensk\u00fd<\/li>\n<li>0907 537 414<\/li>\n<li><a href=\"mailto:polesensky@slovchips.sk\">polesensky@slovchips.sk<\/a><\/li>\n<\/ul>\n<p><\/div><\/p>\n<p><\/div><div class=\"cisc-row\"><\/p>\n<div  class=\" cisc-col-md-4 cisc-col-sm-6 cisc-col-xs-12\"><\/p>\n<h2 class=\"kontakt-nadpis\">Export-import<\/h2>\n<h4 class=\"vychodne_slovensko \">mana\u017e\u00e9r pre zahrani\u010dn\u00fd obchod<\/h4>\n<ul class=\"kontakt-list\">\n<li class=\"meno\">Monika Vantrobov\u00e1<\/li>\n<li>0905 432 443<\/li>\n<li><a href=\"mailto:export-import@slovchips.sk\">export-import@slovchips.sk<\/a><\/li>\n<\/ul>\n<p><\/div>\n<div  class=\" cisc-col-md-4 cisc-col-sm-6 cisc-col-xs-12\"><\/p>\n<h2 class=\"kontakt-nadpis\">Riadite\u013e predaja<\/h2>\n<h4 class=\"vychodne_slovensko \">\u0160v\u00e9dsko<\/h4>\n<ul class=\"kontakt-list\">\n<li class=\"meno\">Marcel Vozniak<\/li>\n<li>0046 709 246 134<\/li>\n<li><a href=\"mailto:vozniak.se@slovchips.sk\">vozniak.se@slovchips.sk<\/a><\/li>\n<\/ul>\n<p><\/div>\n<div  class=\" cisc-col-md-4 cisc-col-sm-6 cisc-col-xs-12\">\n<h2 class=\"kontakt-nadpis\">Riadite\u013e predaja<\/h2>\n<h4 class=\"vychodne_slovensko \">\u00cdrsko<\/h4>\n<ul class=\"kontakt-list\">\n<li class=\"meno\">Dominika Trginova<\/li>\n<li>0035 386 255 3242<\/li>\n<li><a href=\"mailto:trginova.irl@slovchips.sk\">trginova.irl@slovchips.sk<\/a><\/li>\n<\/ul>\n<p><\/div><span style=\"font-size: revert; color: initial;\"><\/div><\/span><\/p>\n<div class=\"cisc-row\"><\/p>\n<p><div  class=\" cisc-col-md-4 cisc-col-sm-6 cisc-col-xs-12\"><\/p>\n<h2 class=\"kontakt-nadpis\">Riadite\u013e predaja<\/h2>\n<h4 class=\"vychodne_slovensko \">Ma\u010farsko<\/h4>\n<ul class=\"kontakt-list\">\n<li class=\"meno\">Franti\u0161ek Moln\u00e1r<\/li>\n<li>0905 377 626<\/li>\n<\/ul>\n<p><\/div><\/p>\n<p><div  class=\" cisc-col-md-4 cisc-col-sm-6 cisc-col-xs-12\"><\/p>\n<h2 class=\"kontakt-nadpis\">Riadite\u013e predaja<\/h2>\n<h4 class=\"vychodne_slovensko \">Anglicko, \u0160k\u00f3tsko, Holandsko, Belgicko<\/h4>\n<ul class=\"kontakt-list\">\n<li class=\"meno\">Mgr. Ladislav Petrek<\/li>\n<li>0901 712 711<\/li>\n<li><a href=\"mailto:petrek@slovchips.sk\">petrek@slovchips.sk<\/a><\/li>\n<\/ul>\n<p><\/div><\/p>\n<p><div  class=\" cisc-col-md-4 cisc-col-sm-6 cisc-col-xs-12\"><\/p>\n<h2 class=\"kontakt-nadpis\">Riadite\u013e predaja<\/h2>\n<h4 class=\"vychodne_slovensko \">Chorv\u00e1tsko, Slovinsko, Srbsko, Bosna a Hercegovina, \u010cierna Hora<\/h4>\n<ul class=\"kontakt-list\">\n<li class=\"meno\">Vjekoslav Domanski<\/li>\n<li>+385 91 6108 826<\/li>\n<li><a href=\"mailto:jadranservis@gmail.com\">jadranservis@gmail.com<\/a><\/li>\n<\/ul>\n<p><\/div><\/p>\n<p><\/div>\n<h1 class=\"nadpis-velky\">Nap\u00ed\u0161te n\u00e1m<\/h1>\n\n<div class=\"wpcf7 no-js\" id=\"wpcf7-f1046-o1\" lang=\"sk-SK\" dir=\"ltr\">\n<div class=\"screen-reader-response\"><p role=\"status\" aria-live=\"polite\" aria-atomic=\"true\"><\/p> <ul><\/ul><\/div>\n<form action=\"\/de\/wp-json\/wp\/v2\/pages\/2307#wpcf7-f1046-o1\" method=\"post\" class=\"wpcf7-form init\" aria-label=\"Kontaktn\u00fd formul\u00e1r\" novalidate=\"novalidate\" data-status=\"init\">\n<div style=\"display: none;\">\n<input type=\"hidden\" name=\"_wpcf7\" value=\"1046\" \/>\n<input type=\"hidden\" name=\"_wpcf7_version\" value=\"5.9.8\" \/>\n<input type=\"hidden\" name=\"_wpcf7_locale\" value=\"sk_SK\" \/>\n<input type=\"hidden\" name=\"_wpcf7_unit_tag\" value=\"wpcf7-f1046-o1\" \/>\n<input type=\"hidden\" name=\"_wpcf7_container_post\" value=\"0\" \/>\n<input type=\"hidden\" name=\"_wpcf7_posted_data_hash\" value=\"\" \/>\n<\/div>\n<p>Your name (required)\n<\/p>\n<p><span class=\"wpcf7-form-control-wrap\" data-name=\"your-name\"><input size=\"40\" maxlength=\"400\" class=\"wpcf7-form-control wpcf7-text wpcf7-validates-as-required\" aria-required=\"true\" aria-invalid=\"false\" value=\"\" type=\"text\" name=\"your-name\" \/><\/span>\n<\/p>\n<p>Your e-mail (required)\n<\/p>\n<p><span class=\"wpcf7-form-control-wrap\" data-name=\"your-email\"><input size=\"40\" maxlength=\"400\" class=\"wpcf7-form-control wpcf7-email wpcf7-validates-as-required wpcf7-text wpcf7-validates-as-email\" aria-required=\"true\" aria-invalid=\"false\" value=\"\" type=\"email\" name=\"your-email\" \/><\/span>\n<\/p>\n<p>Subject\n<\/p>\n<p><span class=\"wpcf7-form-control-wrap\" data-name=\"your-subject\"><input size=\"40\" maxlength=\"400\" class=\"wpcf7-form-control wpcf7-text\" aria-invalid=\"false\" value=\"\" type=\"text\" name=\"your-subject\" \/><\/span>\n<\/p>\n<p>Message\n<\/p>\n<p><span class=\"wpcf7-form-control-wrap\" data-name=\"your-message\"><textarea cols=\"40\" rows=\"10\" maxlength=\"2000\" class=\"wpcf7-form-control wpcf7-textarea\" aria-invalid=\"false\" name=\"your-message\"><\/textarea><\/span>\n<\/p>\n<p><input class=\"wpcf7-form-control wpcf7-submit has-spinner\" type=\"submit\" value=\"Submit\" \/>\n<\/p><p style=\"display: none !important;\" class=\"akismet-fields-container\" data-prefix=\"_wpcf7_ak_\"><label>&#916;<textarea name=\"_wpcf7_ak_hp_textarea\" cols=\"45\" rows=\"8\" maxlength=\"100\"><\/textarea><\/label><input type=\"hidden\" id=\"ak_js_1\" name=\"_wpcf7_ak_js\" value=\"181\"\/><script type=\"text\/javascript\">\n\/* <![CDATA[ *\/\ndocument.getElementById( \"ak_js_1\" ).setAttribute( \"value\", ( new Date() ).getTime() );\n\/* ]]> *\/\n<\/script>\n<\/p><div class=\"wpcf7-response-output\" aria-hidden=\"true\"><\/div>\n<\/form>\n<\/div>\n\n\n\n<h2 class=\"wp-block-heading\"><\/h2>\n\n\n\n<p><\/p>\n\n\n\n<p><\/p>\n","protected":false},"excerpt":{"rendered":"<p>SlovChips s.r.o. Tatransk\u00e1 126, 05311 Smi\u017eany 0917 616 208 053\/4299635 Nap\u00ed\u0161te n\u00e1m<\/p>\n","protected":false},"author":1,"featured_media":0,"parent":0,"menu_order":0,"comment_status":"closed","ping_status":"closed","template":"template-contact.php","meta":{"footnotes":""},"yoast_head":"<!-- This site is optimized with the Yoast SEO plugin v24.5 - https:\/\/yoast.com\/wordpress\/plugins\/seo\/ -->\n<title>SlovChips - Kontakt<\/title>\n<meta name=\"robots\" content=\"index, follow, max-snippet:-1, max-image-preview:large, max-video-preview:-1\" \/>\n<link rel=\"canonical\" href=\"https:\/\/slovchips.sk\/de\/kontakt\/\" \/>\n<meta property=\"og:locale\" content=\"de_DE\" \/>\n<meta property=\"og:type\" content=\"article\" \/>\n<meta property=\"og:title\" content=\"SlovChips - Kontakt\" \/>\n<meta property=\"og:description\" content=\"SlovChips s.r.o. Tatransk\u00e1 126, 05311 Smi\u017eany 0917 616 208 053\/4299635 Nap\u00ed\u0161te n\u00e1m\" \/>\n<meta property=\"og:url\" content=\"https:\/\/slovchips.sk\/de\/kontakt\/\" \/>\n<meta property=\"og:site_name\" content=\"SlovChips\" \/>\n<meta property=\"article:publisher\" content=\"https:\/\/www.facebook.com\/slovenskechipsy\" \/>\n<meta property=\"article:modified_time\" content=\"2024-09-10T19:57:14+00:00\" \/>\n<meta name=\"twitter:label1\" content=\"Gesch\u00e4tzte Lesezeit\" \/>\n\t<meta name=\"twitter:data1\" content=\"2 Minuten\" \/>\n<script type=\"application\/ld+json\" class=\"yoast-schema-graph\">{\"@context\":\"https:\/\/schema.org\",\"@graph\":[{\"@type\":\"WebPage\",\"@id\":\"https:\/\/slovchips.sk\/de\/kontakt\/\",\"url\":\"https:\/\/slovchips.sk\/de\/kontakt\/\",\"name\":\"SlovChips - Kontakt\",\"isPartOf\":{\"@id\":\"https:\/\/www.slovchips.sk\/en\/#website\"},\"datePublished\":\"2015-05-02T08:45:46+00:00\",\"dateModified\":\"2024-09-10T19:57:14+00:00\",\"breadcrumb\":{\"@id\":\"https:\/\/slovchips.sk\/de\/kontakt\/#breadcrumb\"},\"inLanguage\":\"de-DE\",\"potentialAction\":[{\"@type\":\"ReadAction\",\"target\":[\"https:\/\/slovchips.sk\/de\/kontakt\/\"]}]},{\"@type\":\"BreadcrumbList\",\"@id\":\"https:\/\/slovchips.sk\/de\/kontakt\/#breadcrumb\",\"itemListElement\":[{\"@type\":\"ListItem\",\"position\":1,\"name\":\"Dom\u00e1ca str\u00e1nka\",\"item\":\"https:\/\/slovchips.sk\/de\/\"},{\"@type\":\"ListItem\",\"position\":2,\"name\":\"Kontakt\"}]},{\"@type\":\"WebSite\",\"@id\":\"https:\/\/www.slovchips.sk\/en\/#website\",\"url\":\"https:\/\/www.slovchips.sk\/en\/\",\"name\":\"SlovChips\",\"description\":\"Jedine\u010dn\u00e9 slovensk\u00e9 chipsy\",\"potentialAction\":[{\"@type\":\"SearchAction\",\"target\":{\"@type\":\"EntryPoint\",\"urlTemplate\":\"https:\/\/www.slovchips.sk\/en\/?s={search_term_string}\"},\"query-input\":{\"@type\":\"PropertyValueSpecification\",\"valueRequired\":true,\"valueName\":\"search_term_string\"}}],\"inLanguage\":\"de-DE\"}]}<\/script>\n<!-- \/ Yoast SEO plugin. -->","yoast_head_json":{"title":"SlovChips - Kontakt","robots":{"index":"index","follow":"follow","max-snippet":"max-snippet:-1","max-image-preview":"max-image-preview:large","max-video-preview":"max-video-preview:-1"},"canonical":"https:\/\/slovchips.sk\/de\/kontakt\/","og_locale":"de_DE","og_type":"article","og_title":"SlovChips - Kontakt","og_description":"SlovChips s.r.o. Tatransk\u00e1 126, 05311 Smi\u017eany 0917 616 208 053\/4299635 Nap\u00ed\u0161te n\u00e1m","og_url":"https:\/\/slovchips.sk\/de\/kontakt\/","og_site_name":"SlovChips","article_publisher":"https:\/\/www.facebook.com\/slovenskechipsy","article_modified_time":"2024-09-10T19:57:14+00:00","twitter_misc":{"Gesch\u00e4tzte Lesezeit":"2 Minuten"},"schema":{"@context":"https:\/\/schema.org","@graph":[{"@type":"WebPage","@id":"https:\/\/slovchips.sk\/de\/kontakt\/","url":"https:\/\/slovchips.sk\/de\/kontakt\/","name":"SlovChips - Kontakt","isPartOf":{"@id":"https:\/\/www.slovchips.sk\/en\/#website"},"datePublished":"2015-05-02T08:45:46+00:00","dateModified":"2024-09-10T19:57:14+00:00","breadcrumb":{"@id":"https:\/\/slovchips.sk\/de\/kontakt\/#breadcrumb"},"inLanguage":"de-DE","potentialAction":[{"@type":"ReadAction","target":["https:\/\/slovchips.sk\/de\/kontakt\/"]}]},{"@type":"BreadcrumbList","@id":"https:\/\/slovchips.sk\/de\/kontakt\/#breadcrumb","itemListElement":[{"@type":"ListItem","position":1,"name":"Dom\u00e1ca str\u00e1nka","item":"https:\/\/slovchips.sk\/de\/"},{"@type":"ListItem","position":2,"name":"Kontakt"}]},{"@type":"WebSite","@id":"https:\/\/www.slovchips.sk\/en\/#website","url":"https:\/\/www.slovchips.sk\/en\/","name":"SlovChips","description":"Jedine\u010dn\u00e9 slovensk\u00e9 chipsy","potentialAction":[{"@type":"SearchAction","target":{"@type":"EntryPoint","urlTemplate":"https:\/\/www.slovchips.sk\/en\/?s={search_term_string}"},"query-input":{"@type":"PropertyValueSpecification","valueRequired":true,"valueName":"search_term_string"}}],"inLanguage":"de-DE"}]}},"_links":{"self":[{"href":"https:\/\/www.slovchips.sk\/de\/wp-json\/wp\/v2\/pages\/2307"}],"collection":[{"href":"https:\/\/www.slovchips.sk\/de\/wp-json\/wp\/v2\/pages"}],"about":[{"href":"https:\/\/www.slovchips.sk\/de\/wp-json\/wp\/v2\/types\/page"}],"author":[{"embeddable":true,"href":"https:\/\/www.slovchips.sk\/de\/wp-json\/wp\/v2\/users\/1"}],"replies":[{"embeddable":true,"href":"https:\/\/www.slovchips.sk\/de\/wp-json\/wp\/v2\/comments?post=2307"}],"version-history":[{"count":6,"href":"https:\/\/www.slovchips.sk\/de\/wp-json\/wp\/v2\/pages\/2307\/revisions"}],"predecessor-version":[{"id":2659,"href":"https:\/\/www.slovchips.sk\/de\/wp-json\/wp\/v2\/pages\/2307\/revisions\/2659"}],"wp:attachment":[{"href":"https:\/\/www.slovchips.sk\/de\/wp-json\/wp\/v2\/media?parent=2307"}],"curies":[{"name":"wp","href":"https:\/\/api.w.org\/{rel}","templated":true}]}}